{"id":32331,"date":"2022-04-07T19:57:22","date_gmt":"2022-04-07T19:57:22","guid":{"rendered":"https:\/\/www.hotspring.be\/proprietaires\/entretien-de-leau-et-resolution-des-problemes\/"},"modified":"2025-06-09T06:03:59","modified_gmt":"2025-06-09T06:03:59","slug":"entretien-de-leau-et-resolution-des-problemes","status":"publish","type":"page","link":"https:\/\/www.hotspring.be\/fr\/proprietaires\/entretien-de-leau-et-resolution-des-problemes\/","title":{"rendered":"Entretien de l&#8217;eau et r\u00e9solution des probl\u00e8mes"},"content":{"rendered":"\t\t<div data-elementor-type=\"wp-page\" data-elementor-id=\"32331\" class=\"elementor elementor-32331 elementor-28145\" data-elementor-post-type=\"page\">\n\t\t\t\t\t\t<section class=\"elementor-section elementor-top-section elementor-element elementor-element-1fa3b4e0 bootstrap-specific elementor-section-boxed elementor-section-height-default elementor-section-height-default\" data-id=\"1fa3b4e0\" data-element_type=\"section\" data-e-type=\"section\">\n\t\t\t\t\t\t<div class=\"elementor-container elementor-column-gap-default\">\n\t\t\t\t\t<div class=\"elementor-column elementor-col-100 elementor-top-column elementor-element elementor-element-2947f7a8\" data-id=\"2947f7a8\" data-element_type=\"column\" data-e-type=\"column\">\n\t\t\t<div class=\"elementor-widget-wrap elementor-element-populated\">\n\t\t\t\t\t\t<div class=\"elementor-element elementor-element-983b5d8 elementor-widget elementor-widget-heading\" data-id=\"983b5d8\" data-element_type=\"widget\" data-e-type=\"widget\" data-widget_type=\"heading.default\">\n\t\t\t\t<div class=\"elementor-widget-container\">\n\t\t\t\t\t<h1 class=\"elementor-heading-title elementor-size-default\">D\u00c9PANNAGE LORS DE L'ENTRETIEN DE L'EAU<\/h1>\t\t\t\t<\/div>\n\t\t\t\t<\/div>\n\t\t\t\t<div class=\"elementor-element elementor-element-5d78dce elementor-widget elementor-widget-html\" data-id=\"5d78dce\" data-element_type=\"widget\" data-e-type=\"widget\" data-widget_type=\"html.default\">\n\t\t\t\t<div class=\"elementor-widget-container\">\n\t\t\t\t\t<h2>Eau trouble<\/h2>\n\n<h3>Cause probable :<\/h3>\n\n<ul>\n \t<li>Filtres sales<\/li>\n \t<li>Exc\u00e8s d\u2019huile ou de substances organiques<\/li>\n \t<li>D\u00e9sinfection incorrecte<\/li>\n \t<li>Particules ou substances organiques en suspension<\/li>\n \t<li>Utilisation excessive ou eau trop ancienne<\/li>\n<\/ul>\n\n<h3>Solutions :<\/h3>\n\n<ul>\n \t<li>Nettoyez les filtres \u00e0 l'aide de l'agent nettoyant instantan\u00e9 pour filtre FreshWater<sup>\u00ae<\/sup> ou de l'agent nettoyant pour filtre FreshWater<sup>\u00ae<\/sup> <\/li>\n \t<li>Choquez l\u2019eau du spa avec du d\u00e9sinfectant<\/li>\n \t<li>Ajoutez un d\u00e9sinfectant<\/li>\n \t<li>Ajustez le pH et\/ou l'alcalinit\u00e9 \u00e0 l'aide de FreshWater pH+\/Alcalinit\u00e9 (rehausseur de PH et d'alcalinit\u00e9) ou de FreshWater Alcalinit\u00e9 (r\u00e9ducteur d'alcalinit\u00e9)<\/li>\n \t<li>Mettez la ou les pompes \u00e0 jets en marche et nettoyez les filtres \u00e0 l'aide de l'agent nettoyant instantan\u00e9 pour filtre FreshWater ou de l'agent nettoyant pour filtre FreshWater <\/li>\n \t<li>Videz l'eau, nettoyez et remplissez \u00e0 nouveau le spa<\/li>\n<\/ul>\n\n<h2>Odeur de l'eau<\/h2>\n\n<h3>Cause probable :<\/h3>\n\n<ul>\n \t<li>Pr\u00e9sence excessive de mati\u00e8res organiques dans l\u2019eau<\/li>\n \t<li>D\u00e9sinfection incorrecte<\/li>\n \t<li>pH faible<\/li>\n<\/ul>\n\n<h3>Solutions :<\/h3>\n\n<ul>\n \t<li>Choquez l\u2019eau du spa avec du d\u00e9sinfectant<\/li>\n \t<li>Ajoutez un d\u00e9sinfectant<\/li>\n \t<li>Ajustez le pH \u00e0 l'aide de FreshWater pH+\/Alcalinit\u00e9 (rehausseur de pH et d'alcalinit\u00e9) \u00e0 la plage recommand\u00e9e<\/li>\n \t<li>Videz l'eau, nettoyez et remplissez \u00e0 nouveau le spa<\/li>\n<\/ul>\n\n<h2>Odeur de chlore<\/h2>\n\n<h3>Cause probable :<\/h3>\n\n<ul>\n \t<li>Niveau de chloramine trop \u00e9lev\u00e9<\/li>\n \t<li>pH faible<\/li>\n<\/ul>\n\n<h3>Solutions :<\/h3>\n\n<ul>\n \t<li>Choquez l\u2019eau du spa avec du d\u00e9sinfectant<\/li>\n \t<li>Ajustez le pH \u00e0 l'aide de FreshWater pH+\/Alcalinit\u00e9 (rehausseur de pH et d'alcalinit\u00e9) \u00e0 la plage recommand\u00e9e<\/li>\n<\/ul>\n<h2>Odeur de moisi<\/h2> Cause probable : <ul>\n \t<li>D\u00e9veloppement de bact\u00e9ries et d'algues<\/li>\n<\/ul>\n\n<h3>Solutions :<\/h3>\n\n<ul>\n \t<li>Choquez l\u2019eau du spa avec du d\u00e9sinfectant<\/li>\n \t<li>Si le probl\u00e8me est visible ou persiste, videz, nettoyez et remplissez le spa.<\/li>\n<\/ul>\n\n<h2>Accumulations organiques\/de mousse autour du spa<\/h2>\n\n<h3>Cause probable :<\/h3>\n\n<ul>\n \t<li>Accumulations de corps gras et de salet\u00e9s<\/li>\n\n<\/ul>\n\n<h3>Solutions :<\/h3>\n\n<ul>\n \t<li>Retirez la mousse avec un chiffon propre<\/li>\n \t<li>Si n\u00e9cessaire, videz le spa, utilisez du FreshWater Spa Shine apr\u00e8s le nettoyage afin de prot\u00e9ger la coque de votre spa et remplissez de nouveau ce dernier<\/li>\n<\/ul>\n\n\n<h2>D\u00e9veloppement d'algues<\/h2>\n\n<h3>Cause probable :<\/h3>\n\n<ul>\n \t<li>pH \u00e9lev\u00e9<\/li>\n \t<li>Niveau de d\u00e9sinfectant insuffisant<\/li>\n<\/ul>\n\n<h3>Solutions :<\/h3>\n\n<ul>\n \t<li>Choquez l\u2019eau du spa avec du d\u00e9sinfectant<\/li>\n \t<li>Ajustez le pH \u00e0 l'aide de FreshWater pH-\/Alcalinit\u00e9 (r\u00e9ducteur de PH et d'alcalinit\u00e9) \u00e0 la plage recommand\u00e9e<\/li>\n \t<li>Choquez l'eau du spa avec un d\u00e9sinfectant et maintenez le niveau de ce dernier<\/li>\n<\/ul>\n\n<h2>Irritation oculaire<\/h2>\n\n<h3>Cause probable :<\/h3>\n\n<ul>\n \t<li>pH faible<\/li>\n \t<li>Niveau de d\u00e9sinfectant insuffisant<\/li>\n<\/ul>\n\n<h3>Solutions :<\/h3>\n\n<ul>\n \t<li>Ajustez le pH \u00e0 l'aide de FreshWater pH\/Alkalinity Up<\/li>\n \t<li>Choquez l'eau du spa avec un d\u00e9sinfectant et maintenez le niveau de ce dernier<\/li>\n<\/ul>\n\n<h2>Irritation\/rougeur de la peau<\/h2>\n\n<h3>Cause probable :<\/h3>\n\n<ul>\n \t<li>Eau insalubre<\/li>\n \t<li>Niveau de chlore libre sup\u00e9rieur \u00e0 3 ppm<\/li>\n<\/ul>\n\n<h3>Solutions :<\/h3>\n\n<ul>\n \t<li>Choquez l'eau du spa avec un d\u00e9sinfectant et maintenez le niveau de ce dernier<\/li>\n \t<li>Faites baisser le niveau de chlore libre en dessous de 3 ppm avant d'utiliser le spa<\/li>\n<\/ul>\n\n<h2>Taches<\/h2>\n\n<h3>Cause probable :<\/h3>\n\n<ul>\n \t<li>Alcalinit\u00e9 totale et\/ou pH trop faibles<\/li>\n \t<li>Eau riche en fer ou en cuivre<\/li>\n<\/ul>\n\n<h3>Solutions :<\/h3>\n\n<ul>\n \t<li>Ajustez l'alcalinit\u00e9 totale et\/ou le pH \u00e0 l'aide de FreshWater pH\/Alkalinity Up<\/li>\n \t<li>Utilisez FreshWater Stain & Scale pour entraver les m\u00e9taux<\/li>\n<\/ul>\n\n<h2>Tartre<\/h2>\n\n<h3>Cause probable :<\/h3>\n\n<ul>\n \t<li>Alcalinit\u00e9 totale et\/ou pH trop faibles<\/li>\n \t<li>Teneur calcique \u00e9lev\u00e9e de l'eau<\/li>\n<\/ul>\n\n<h3>Solutions :<\/h3>\n\n<ul>\n \t<li>Ajustez l'alcalinit\u00e9 totale et le pH \u00e0 l'aide de FreshWater pH-\/Alcalinit\u00e9 (r\u00e9ducteur de pH et d'alcalinit\u00e9)<\/li>\n \t<li>Si le tartre doit \u00eatre enlev\u00e9, videz le spa, grattez le tartre, nettoyez la coque de votre spa \u00e0 l'aide FreshWater Spa Shine et remplissez \u00e0 nouveau le spa<\/li>\n \t<li>Ajoutez FreshWater Stain & Scale et \u00e9quilibrez l'eau \u00e0 l'aide de FreshWater pH\/Alkalinity Up ou de FreshWater pH\/Alkalinity Down.<\/li>\n<\/ul>\n\t\t\t\t<\/div>\n\t\t\t\t<\/div>\n\t\t\t\t\t<\/div>\n\t\t<\/div>\n\t\t\t\t\t<\/div>\n\t\t<\/section>\n\t\t\t\t<\/div>\n\t\t","protected":false},"excerpt":{"rendered":"<p>D\u00c9PANNAGE LORS DE L&#8217;ENTRETIEN DE L&#8217;EAU Eau trouble Cause probable : Filtres sales Exc\u00e8s d\u2019huile ou de substances organiques D\u00e9sinfection incorrecte Particules ou substances organiques en suspension Utilisation excessive ou eau trop ancienne Solutions : Nettoyez les filtres \u00e0 l&#8217;aide de l&#8217;agent nettoyant instantan\u00e9 pour filtre FreshWater\u00ae ou de l&#8217;agent nettoyant pour filtre FreshWater\u00ae Choquez [&hellip;]<\/p>\n","protected":false},"author":1021,"featured_media":0,"parent":32305,"menu_order":0,"comment_status":"closed","ping_status":"closed","template":"","meta":{"_acf_changed":false,"inline_featured_image":false,"footnotes":""},"class_list":["post-32331","page","type-page","status-publish","hentry"],"acf":[],"yoast_head":"<title>Entretien de l&#039;eau des spas - D\u00e9pannage | Spas Hot Spring<\/title>\n<meta name=\"description\" content=\"Guide de d\u00e9pannage d&#039;entretien de l&#039;eau de spa : pour tout probl\u00e8me concernant l&#039;entretien de l&#039;eau de votre spa, utilisez ce guide pour trouver les causes probables et des solutions, afin de pouvoir r\u00e9utiliser votre spa aussi vite que possible.\" \/>\n<meta name=\"robots\" content=\"index, follow, max-snippet:-1, max-image-preview:large, max-video-preview:-1\" \/>\n<link rel=\"canonical\" href=\"https:\/\/www.hotspring.be\/fr\/proprietaires\/entretien-de-leau-et-resolution-des-problemes\/\" \/>\n<meta property=\"og:locale\" content=\"fr_FR\" \/>\n<meta property=\"og:type\" content=\"article\" \/>\n<meta property=\"og:title\" content=\"Entretien de l&#039;eau des spas - D\u00e9pannage | Spas Hot Spring\" \/>\n<meta property=\"og:description\" content=\"Guide de d\u00e9pannage d&#039;entretien de l&#039;eau de spa : pour tout probl\u00e8me concernant l&#039;entretien de l&#039;eau de votre spa, utilisez ce guide pour trouver les causes probables et des solutions, afin de pouvoir r\u00e9utiliser votre spa aussi vite que possible.\" \/>\n<meta property=\"og:url\" content=\"https:\/\/www.hotspring.be\/fr\/proprietaires\/entretien-de-leau-et-resolution-des-problemes\/\" \/>\n<meta property=\"og:site_name\" content=\"Hot Spring Spas\" \/>\n<meta property=\"article:modified_time\" content=\"2025-06-09T06:03:59+00:00\" \/>\n<meta property=\"og:image\" content=\"https:\/\/www.hotspring.be\/wp-content\/uploads\/2022\/03\/hot-spring-video-every-day-made-better.jpg\" \/>\n\t<meta property=\"og:image:width\" content=\"1200\" \/>\n\t<meta property=\"og:image:height\" content=\"675\" \/>\n\t<meta property=\"og:image:type\" content=\"image\/jpeg\" \/>\n<meta name=\"twitter:card\" content=\"summary_large_image\" \/>\n<meta name=\"twitter:label1\" content=\"Dur\u00e9e de lecture estim\u00e9e\" \/>\n\t<meta name=\"twitter:data1\" content=\"3 minutes\" \/>\n<script type=\"application\/ld+json\" class=\"yoast-schema-graph\">{\"@context\":\"https:\\\/\\\/schema.org\",\"@graph\":[{\"@type\":\"WebPage\",\"@id\":\"https:\\\/\\\/www.hotspring.be\\\/fr\\\/proprietaires\\\/entretien-de-leau-et-resolution-des-problemes\\\/\",\"url\":\"https:\\\/\\\/www.hotspring.be\\\/fr\\\/proprietaires\\\/entretien-de-leau-et-resolution-des-problemes\\\/\",\"name\":\"Entretien de l'eau des spas - D\u00e9pannage | Spas Hot Spring\",\"isPartOf\":{\"@id\":\"https:\\\/\\\/www.hotspring.be\\\/fr\\\/#website\"},\"datePublished\":\"2022-04-07T19:57:22+00:00\",\"dateModified\":\"2025-06-09T06:03:59+00:00\",\"description\":\"Guide de d\u00e9pannage d'entretien de l'eau de spa : pour tout probl\u00e8me concernant l'entretien de l'eau de votre spa, utilisez ce guide pour trouver les causes probables et des solutions, afin de pouvoir r\u00e9utiliser votre spa aussi vite que possible.\",\"breadcrumb\":{\"@id\":\"https:\\\/\\\/www.hotspring.be\\\/fr\\\/proprietaires\\\/entretien-de-leau-et-resolution-des-problemes\\\/#breadcrumb\"},\"inLanguage\":\"fr-FR\",\"potentialAction\":[{\"@type\":\"ReadAction\",\"target\":[\"https:\\\/\\\/www.hotspring.be\\\/fr\\\/proprietaires\\\/entretien-de-leau-et-resolution-des-problemes\\\/\"]}]},{\"@type\":\"BreadcrumbList\",\"@id\":\"https:\\\/\\\/www.hotspring.be\\\/fr\\\/proprietaires\\\/entretien-de-leau-et-resolution-des-problemes\\\/#breadcrumb\",\"itemListElement\":[{\"@type\":\"ListItem\",\"position\":1,\"name\":\"Accueil\",\"item\":\"https:\\\/\\\/www.hotspring.be\\\/fr\\\/\"},{\"@type\":\"ListItem\",\"position\":2,\"name\":\"Propri\u00e9taires\",\"item\":\"https:\\\/\\\/www.hotspring.be\\\/fr\\\/proprietaires\\\/\"},{\"@type\":\"ListItem\",\"position\":3,\"name\":\"Entretien de l&#8217;eau et r\u00e9solution des probl\u00e8mes\"}]},{\"@type\":\"WebSite\",\"@id\":\"https:\\\/\\\/www.hotspring.be\\\/fr\\\/#website\",\"url\":\"https:\\\/\\\/www.hotspring.be\\\/fr\\\/\",\"name\":\"Hot Spring Spas\",\"description\":\"Hot Spring Spas is your source for best hot tubs, spas, portable spa parts and accessories. We design our spas with the goal - make every day better.\",\"publisher\":{\"@id\":\"https:\\\/\\\/www.hotspring.be\\\/fr\\\/#organization\"},\"potentialAction\":[{\"@type\":\"SearchAction\",\"target\":{\"@type\":\"EntryPoint\",\"urlTemplate\":\"https:\\\/\\\/www.hotspring.be\\\/fr\\\/?s={search_term_string}\"},\"query-input\":{\"@type\":\"PropertyValueSpecification\",\"valueRequired\":true,\"valueName\":\"search_term_string\"}}],\"inLanguage\":\"fr-FR\"},{\"@type\":\"Organization\",\"@id\":\"https:\\\/\\\/www.hotspring.be\\\/fr\\\/#organization\",\"name\":\"Hot Spring Spas\",\"url\":\"https:\\\/\\\/www.hotspring.be\\\/fr\\\/\",\"logo\":{\"@type\":\"ImageObject\",\"inLanguage\":\"fr-FR\",\"@id\":\"https:\\\/\\\/www.hotspring.be\\\/fr\\\/#\\\/schema\\\/logo\\\/image\\\/\",\"url\":\"https:\\\/\\\/www.hotspring.be\\\/wp-content\\\/uploads\\\/2024\\\/10\\\/logo.svg\",\"contentUrl\":\"https:\\\/\\\/www.hotspring.be\\\/wp-content\\\/uploads\\\/2024\\\/10\\\/logo.svg\",\"width\":145,\"height\":56,\"caption\":\"Hot Spring Spas\"},\"image\":{\"@id\":\"https:\\\/\\\/www.hotspring.be\\\/fr\\\/#\\\/schema\\\/logo\\\/image\\\/\"}}]}<\/script>","yoast_head_json":{"title":"Entretien de l'eau des spas - D\u00e9pannage | Spas Hot Spring","description":"Guide de d\u00e9pannage d'entretien de l'eau de spa : pour tout probl\u00e8me concernant l'entretien de l'eau de votre spa, utilisez ce guide pour trouver les causes probables et des solutions, afin de pouvoir r\u00e9utiliser votre spa aussi vite que possible.","robots":{"index":"index","follow":"follow","max-snippet":"max-snippet:-1","max-image-preview":"max-image-preview:large","max-video-preview":"max-video-preview:-1"},"canonical":"https:\/\/www.hotspring.be\/fr\/proprietaires\/entretien-de-leau-et-resolution-des-problemes\/","og_locale":"fr_FR","og_type":"article","og_title":"Entretien de l'eau des spas - D\u00e9pannage | Spas Hot Spring","og_description":"Guide de d\u00e9pannage d'entretien de l'eau de spa : pour tout probl\u00e8me concernant l'entretien de l'eau de votre spa, utilisez ce guide pour trouver les causes probables et des solutions, afin de pouvoir r\u00e9utiliser votre spa aussi vite que possible.","og_url":"https:\/\/www.hotspring.be\/fr\/proprietaires\/entretien-de-leau-et-resolution-des-problemes\/","og_site_name":"Hot Spring Spas","article_modified_time":"2025-06-09T06:03:59+00:00","og_image":[{"width":1200,"height":675,"url":"https:\/\/www.hotspring.be\/wp-content\/uploads\/2022\/03\/hot-spring-video-every-day-made-better.jpg","type":"image\/jpeg"}],"twitter_card":"summary_large_image","twitter_misc":{"Dur\u00e9e de lecture estim\u00e9e":"3 minutes"},"schema":{"@context":"https:\/\/schema.org","@graph":[{"@type":"WebPage","@id":"https:\/\/www.hotspring.be\/fr\/proprietaires\/entretien-de-leau-et-resolution-des-problemes\/","url":"https:\/\/www.hotspring.be\/fr\/proprietaires\/entretien-de-leau-et-resolution-des-problemes\/","name":"Entretien de l'eau des spas - D\u00e9pannage | Spas Hot Spring","isPartOf":{"@id":"https:\/\/www.hotspring.be\/fr\/#website"},"datePublished":"2022-04-07T19:57:22+00:00","dateModified":"2025-06-09T06:03:59+00:00","description":"Guide de d\u00e9pannage d'entretien de l'eau de spa : pour tout probl\u00e8me concernant l'entretien de l'eau de votre spa, utilisez ce guide pour trouver les causes probables et des solutions, afin de pouvoir r\u00e9utiliser votre spa aussi vite que possible.","breadcrumb":{"@id":"https:\/\/www.hotspring.be\/fr\/proprietaires\/entretien-de-leau-et-resolution-des-problemes\/#breadcrumb"},"inLanguage":"fr-FR","potentialAction":[{"@type":"ReadAction","target":["https:\/\/www.hotspring.be\/fr\/proprietaires\/entretien-de-leau-et-resolution-des-problemes\/"]}]},{"@type":"BreadcrumbList","@id":"https:\/\/www.hotspring.be\/fr\/proprietaires\/entretien-de-leau-et-resolution-des-problemes\/#breadcrumb","itemListElement":[{"@type":"ListItem","position":1,"name":"Accueil","item":"https:\/\/www.hotspring.be\/fr\/"},{"@type":"ListItem","position":2,"name":"Propri\u00e9taires","item":"https:\/\/www.hotspring.be\/fr\/proprietaires\/"},{"@type":"ListItem","position":3,"name":"Entretien de l&#8217;eau et r\u00e9solution des probl\u00e8mes"}]},{"@type":"WebSite","@id":"https:\/\/www.hotspring.be\/fr\/#website","url":"https:\/\/www.hotspring.be\/fr\/","name":"Hot Spring Spas","description":"Hot Spring Spas is your source for best hot tubs, spas, portable spa parts and accessories. We design our spas with the goal - make every day better.","publisher":{"@id":"https:\/\/www.hotspring.be\/fr\/#organization"},"potentialAction":[{"@type":"SearchAction","target":{"@type":"EntryPoint","urlTemplate":"https:\/\/www.hotspring.be\/fr\/?s={search_term_string}"},"query-input":{"@type":"PropertyValueSpecification","valueRequired":true,"valueName":"search_term_string"}}],"inLanguage":"fr-FR"},{"@type":"Organization","@id":"https:\/\/www.hotspring.be\/fr\/#organization","name":"Hot Spring Spas","url":"https:\/\/www.hotspring.be\/fr\/","logo":{"@type":"ImageObject","inLanguage":"fr-FR","@id":"https:\/\/www.hotspring.be\/fr\/#\/schema\/logo\/image\/","url":"https:\/\/www.hotspring.be\/wp-content\/uploads\/2024\/10\/logo.svg","contentUrl":"https:\/\/www.hotspring.be\/wp-content\/uploads\/2024\/10\/logo.svg","width":145,"height":56,"caption":"Hot Spring Spas"},"image":{"@id":"https:\/\/www.hotspring.be\/fr\/#\/schema\/logo\/image\/"}}]}},"_links":{"self":[{"href":"https:\/\/www.hotspring.be\/fr\/wp-json\/wp\/v2\/pages\/32331","targetHints":{"allow":["GET"]}}],"collection":[{"href":"https:\/\/www.hotspring.be\/fr\/wp-json\/wp\/v2\/pages"}],"about":[{"href":"https:\/\/www.hotspring.be\/fr\/wp-json\/wp\/v2\/types\/page"}],"author":[{"embeddable":true,"href":"https:\/\/www.hotspring.be\/fr\/wp-json\/wp\/v2\/users\/1021"}],"replies":[{"embeddable":true,"href":"https:\/\/www.hotspring.be\/fr\/wp-json\/wp\/v2\/comments?post=32331"}],"version-history":[{"count":1,"href":"https:\/\/www.hotspring.be\/fr\/wp-json\/wp\/v2\/pages\/32331\/revisions"}],"predecessor-version":[{"id":51146,"href":"https:\/\/www.hotspring.be\/fr\/wp-json\/wp\/v2\/pages\/32331\/revisions\/51146"}],"up":[{"embeddable":true,"href":"https:\/\/www.hotspring.be\/fr\/wp-json\/wp\/v2\/pages\/32305"}],"wp:attachment":[{"href":"https:\/\/www.hotspring.be\/fr\/wp-json\/wp\/v2\/media?parent=32331"}],"curies":[{"name":"wp","href":"https:\/\/api.w.org\/{rel}","templated":true}]}}